{"id":731,"date":"2019-01-22T15:25:44","date_gmt":"2019-01-22T12:25:44","guid":{"rendered":"http:\/\/mavicocuk.org\/objectives\/"},"modified":"2019-02-06T12:14:11","modified_gmt":"2019-02-06T09:14:11","slug":"objectives","status":"publish","type":"page","link":"https:\/\/mavicocuk.org\/en\/objectives\/","title":{"rendered":"Objectives"},"content":{"rendered":"<section class=\"l-section wpb_row height_medium\"><div class=\"l-section-h i-cf\"><div class=\"g-cols vc_row via_flex valign_top type_default stacking_default\"><div class=\"vc_col-sm-12 wpb_column vc_column_container\"><div class=\"vc_column-inner\"><div class=\"wpb_wrapper\"><div class=\"wpb_text_column\"><div class=\"wpb_wrapper\"><ul>\n<li>To inspire love of the seas and seafaring in children,<\/li>\n<li>To popularize and spread seafaring,<\/li>\n<li>To raise awareness about water sports (swimming, rowing, sailing, surfing etc.) and inspire children to take part in them,<\/li>\n<li>To introduce to children those public institutions and civil society organisations, sailing and sports clubs dealing with the seas and seafaring,<\/li>\n<li>To create awareness of sea pollution and protection of the seas,<\/li>\n<li>To introduce children to the world of underwater marine life,<\/li>\n<li>To familiarize children with naval history,<\/li>\n<li>To introduce children to naval language, naval objects, naval competitions and songs,<\/li>\n<li>To enable children to see and ride on different types of vessels (sailboats, rowboats, rib boats, Zodiacs, etc.)<\/li>\n<li>To provide financial resources for children\u2019s education and training in sports and cultural activities related to the seas and seafaring,<\/li>\n<li>To set up a model for children in other regions of Turkey so they, too, will be able to celebrate this festive holiday as it is related to the seas by the <em>Bebekliler Association\u2019s<\/em> <strong>\u2018Blue Homeland, Children in Blue, Blue Civilisation\u2019<\/strong><\/li>\n<\/ul>\n<\/div><\/div><\/div><\/div><\/div><\/div><\/div><\/section>\n","protected":false},"excerpt":{"rendered":"<p>This event aims to inspire love of the seas and seafaring in children, to popularize and spread seafaring, to raise awareness about water sports (swimming, rowing, sailing, surfing etc.) and inspire children to take part in them.<\/p>\n","protected":false},"author":1,"featured_media":718,"parent":0,"menu_order":0,"comment_status":"closed","ping_status":"closed","template":"","meta":{"footnotes":""},"class_list":["post-731","page","type-page","status-publish","has-post-thumbnail","hentry"],"yoast_head":"<!-- This site is optimized with the Yoast SEO plugin v27.4 - https:\/\/yoast.com\/product\/yoast-seo-wordpress\/ -->\n<title>Objectives - Mavi \u00c7ocuk<\/title>\n<meta name=\"description\" content=\"This event aims to inspire love of the seas and seafaring in children, to popularize and spread seafaring, to raise awareness about water sports (swimming, rowing, sailing, surfing etc.) and inspire children to take part in them.\" \/>\n<meta name=\"robots\" content=\"index, follow, max-snippet:-1, max-image-preview:large, max-video-preview:-1\" \/>\n<link rel=\"canonical\" href=\"https:\/\/mavicocuk.org\/en\/objectives\/\" \/>\n<meta property=\"og:locale\" content=\"en_US\" \/>\n<meta property=\"og:type\" content=\"article\" \/>\n<meta property=\"og:title\" content=\"Objectives - Mavi \u00c7ocuk\" \/>\n<meta property=\"og:description\" content=\"This event aims to inspire love of the seas and seafaring in children, to popularize and spread seafaring, to raise awareness about water sports (swimming, rowing, sailing, surfing etc.) and inspire children to take part in them.\" \/>\n<meta property=\"og:url\" content=\"https:\/\/mavicocuk.org\/en\/objectives\/\" \/>\n<meta property=\"og:site_name\" content=\"Mavi \u00c7ocuk\" \/>\n<meta property=\"article:modified_time\" content=\"2019-02-06T09:14:11+00:00\" \/>\n<meta property=\"og:image\" content=\"https:\/\/mavicocuk.org\/wp-content\/uploads\/2019\/01\/amaclar.jpg\" \/>\n\t<meta property=\"og:image:width\" content=\"1800\" \/>\n\t<meta property=\"og:image:height\" content=\"1200\" \/>\n\t<meta property=\"og:image:type\" content=\"image\/jpeg\" \/>\n<meta name=\"twitter:card\" content=\"summary_large_image\" \/>\n<meta name=\"twitter:label1\" content=\"Est. reading time\" \/>\n\t<meta name=\"twitter:data1\" content=\"1 minute\" \/>\n<script type=\"application\/ld+json\" class=\"yoast-schema-graph\">{\"@context\":\"https:\\\/\\\/schema.org\",\"@graph\":[{\"@type\":\"WebPage\",\"@id\":\"https:\\\/\\\/mavicocuk.org\\\/en\\\/objectives\\\/\",\"url\":\"https:\\\/\\\/mavicocuk.org\\\/en\\\/objectives\\\/\",\"name\":\"Objectives - Mavi \u00c7ocuk\",\"isPartOf\":{\"@id\":\"https:\\\/\\\/mavicocuk.org\\\/en\\\/#website\"},\"primaryImageOfPage\":{\"@id\":\"https:\\\/\\\/mavicocuk.org\\\/en\\\/objectives\\\/#primaryimage\"},\"image\":{\"@id\":\"https:\\\/\\\/mavicocuk.org\\\/en\\\/objectives\\\/#primaryimage\"},\"thumbnailUrl\":\"https:\\\/\\\/mavicocuk.org\\\/wp-content\\\/uploads\\\/2019\\\/01\\\/amaclar.jpg\",\"datePublished\":\"2019-01-22T12:25:44+00:00\",\"dateModified\":\"2019-02-06T09:14:11+00:00\",\"description\":\"This event aims to inspire love of the seas and seafaring in children, to popularize and spread seafaring, to raise awareness about water sports (swimming, rowing, sailing, surfing etc.) and inspire children to take part in them.\",\"breadcrumb\":{\"@id\":\"https:\\\/\\\/mavicocuk.org\\\/en\\\/objectives\\\/#breadcrumb\"},\"inLanguage\":\"en-US\",\"potentialAction\":[{\"@type\":\"ReadAction\",\"target\":[\"https:\\\/\\\/mavicocuk.org\\\/en\\\/objectives\\\/\"]}]},{\"@type\":\"ImageObject\",\"inLanguage\":\"en-US\",\"@id\":\"https:\\\/\\\/mavicocuk.org\\\/en\\\/objectives\\\/#primaryimage\",\"url\":\"https:\\\/\\\/mavicocuk.org\\\/wp-content\\\/uploads\\\/2019\\\/01\\\/amaclar.jpg\",\"contentUrl\":\"https:\\\/\\\/mavicocuk.org\\\/wp-content\\\/uploads\\\/2019\\\/01\\\/amaclar.jpg\",\"width\":1800,\"height\":1200},{\"@type\":\"BreadcrumbList\",\"@id\":\"https:\\\/\\\/mavicocuk.org\\\/en\\\/objectives\\\/#breadcrumb\",\"itemListElement\":[{\"@type\":\"ListItem\",\"position\":1,\"name\":\"Home\",\"item\":\"https:\\\/\\\/mavicocuk.org\\\/en\\\/\"},{\"@type\":\"ListItem\",\"position\":2,\"name\":\"Objectives\"}]},{\"@type\":\"WebSite\",\"@id\":\"https:\\\/\\\/mavicocuk.org\\\/en\\\/#website\",\"url\":\"https:\\\/\\\/mavicocuk.org\\\/en\\\/\",\"name\":\"Mavi \u00c7ocuk\",\"description\":\"Mavi Vatan, Mavi \u00c7ocuk, Mavi Uygarl\u0131k\",\"potentialAction\":[{\"@type\":\"SearchAction\",\"target\":{\"@type\":\"EntryPoint\",\"urlTemplate\":\"https:\\\/\\\/mavicocuk.org\\\/en\\\/?s={search_term_string}\"},\"query-input\":{\"@type\":\"PropertyValueSpecification\",\"valueRequired\":true,\"valueName\":\"search_term_string\"}}],\"inLanguage\":\"en-US\"}]}<\/script>\n<!-- \/ Yoast SEO plugin. -->","yoast_head_json":{"title":"Objectives - Mavi \u00c7ocuk","description":"This event aims to inspire love of the seas and seafaring in children, to popularize and spread seafaring, to raise awareness about water sports (swimming, rowing, sailing, surfing etc.) and inspire children to take part in them.","robots":{"index":"index","follow":"follow","max-snippet":"max-snippet:-1","max-image-preview":"max-image-preview:large","max-video-preview":"max-video-preview:-1"},"canonical":"https:\/\/mavicocuk.org\/en\/objectives\/","og_locale":"en_US","og_type":"article","og_title":"Objectives - Mavi \u00c7ocuk","og_description":"This event aims to inspire love of the seas and seafaring in children, to popularize and spread seafaring, to raise awareness about water sports (swimming, rowing, sailing, surfing etc.) and inspire children to take part in them.","og_url":"https:\/\/mavicocuk.org\/en\/objectives\/","og_site_name":"Mavi \u00c7ocuk","article_modified_time":"2019-02-06T09:14:11+00:00","og_image":[{"width":1800,"height":1200,"url":"https:\/\/mavicocuk.org\/wp-content\/uploads\/2019\/01\/amaclar.jpg","type":"image\/jpeg"}],"twitter_card":"summary_large_image","twitter_misc":{"Est. reading time":"1 minute"},"schema":{"@context":"https:\/\/schema.org","@graph":[{"@type":"WebPage","@id":"https:\/\/mavicocuk.org\/en\/objectives\/","url":"https:\/\/mavicocuk.org\/en\/objectives\/","name":"Objectives - Mavi \u00c7ocuk","isPartOf":{"@id":"https:\/\/mavicocuk.org\/en\/#website"},"primaryImageOfPage":{"@id":"https:\/\/mavicocuk.org\/en\/objectives\/#primaryimage"},"image":{"@id":"https:\/\/mavicocuk.org\/en\/objectives\/#primaryimage"},"thumbnailUrl":"https:\/\/mavicocuk.org\/wp-content\/uploads\/2019\/01\/amaclar.jpg","datePublished":"2019-01-22T12:25:44+00:00","dateModified":"2019-02-06T09:14:11+00:00","description":"This event aims to inspire love of the seas and seafaring in children, to popularize and spread seafaring, to raise awareness about water sports (swimming, rowing, sailing, surfing etc.) and inspire children to take part in them.","breadcrumb":{"@id":"https:\/\/mavicocuk.org\/en\/objectives\/#breadcrumb"},"inLanguage":"en-US","potentialAction":[{"@type":"ReadAction","target":["https:\/\/mavicocuk.org\/en\/objectives\/"]}]},{"@type":"ImageObject","inLanguage":"en-US","@id":"https:\/\/mavicocuk.org\/en\/objectives\/#primaryimage","url":"https:\/\/mavicocuk.org\/wp-content\/uploads\/2019\/01\/amaclar.jpg","contentUrl":"https:\/\/mavicocuk.org\/wp-content\/uploads\/2019\/01\/amaclar.jpg","width":1800,"height":1200},{"@type":"BreadcrumbList","@id":"https:\/\/mavicocuk.org\/en\/objectives\/#breadcrumb","itemListElement":[{"@type":"ListItem","position":1,"name":"Home","item":"https:\/\/mavicocuk.org\/en\/"},{"@type":"ListItem","position":2,"name":"Objectives"}]},{"@type":"WebSite","@id":"https:\/\/mavicocuk.org\/en\/#website","url":"https:\/\/mavicocuk.org\/en\/","name":"Mavi \u00c7ocuk","description":"Mavi Vatan, Mavi \u00c7ocuk, Mavi Uygarl\u0131k","potentialAction":[{"@type":"SearchAction","target":{"@type":"EntryPoint","urlTemplate":"https:\/\/mavicocuk.org\/en\/?s={search_term_string}"},"query-input":{"@type":"PropertyValueSpecification","valueRequired":true,"valueName":"search_term_string"}}],"inLanguage":"en-US"}]}},"_links":{"self":[{"href":"https:\/\/mavicocuk.org\/en\/wp-json\/wp\/v2\/pages\/731","targetHints":{"allow":["GET"]}}],"collection":[{"href":"https:\/\/mavicocuk.org\/en\/wp-json\/wp\/v2\/pages"}],"about":[{"href":"https:\/\/mavicocuk.org\/en\/wp-json\/wp\/v2\/types\/page"}],"author":[{"embeddable":true,"href":"https:\/\/mavicocuk.org\/en\/wp-json\/wp\/v2\/users\/1"}],"replies":[{"embeddable":true,"href":"https:\/\/mavicocuk.org\/en\/wp-json\/wp\/v2\/comments?post=731"}],"version-history":[{"count":2,"href":"https:\/\/mavicocuk.org\/en\/wp-json\/wp\/v2\/pages\/731\/revisions"}],"predecessor-version":[{"id":830,"href":"https:\/\/mavicocuk.org\/en\/wp-json\/wp\/v2\/pages\/731\/revisions\/830"}],"wp:featuredmedia":[{"embeddable":true,"href":"https:\/\/mavicocuk.org\/en\/wp-json\/wp\/v2\/media\/718"}],"wp:attachment":[{"href":"https:\/\/mavicocuk.org\/en\/wp-json\/wp\/v2\/media?parent=731"}],"curies":[{"name":"wp","href":"https:\/\/api.w.org\/{rel}","templated":true}]}}