{"id":739,"date":"2019-01-22T16:00:22","date_gmt":"2019-01-22T13:00:22","guid":{"rendered":"http:\/\/mavicocuk.org\/home-page\/"},"modified":"2023-03-27T16:35:25","modified_gmt":"2023-03-27T13:35:25","slug":"home-page","status":"publish","type":"page","link":"https:\/\/mavicocuk.org\/en\/","title":{"rendered":"Blue Homeland, Children in Blue, Blue Civilisation&#8230;"},"content":{"rendered":"<section class=\"l-section wpb_row height_auto width_full\" id=\"tSlider\"><div class=\"l-section-h i-cf\"><div class=\"g-cols vc_row via_flex valign_top type_default stacking_default\"><div class=\"vc_col-sm-12 wpb_column vc_column_container\"><div class=\"vc_column-inner\"><div class=\"wpb_wrapper\">[rev_slider_vc alias=&#8221;ana-sayfa-slider-en&#8221;]<\/div><\/div><\/div><\/div><\/div><\/section><section class=\"l-section wpb_row us_custom_449de76f has_text_color height_medium\" id=\"tAbout\"><div class=\"l-section-h i-cf\"><div class=\"g-cols vc_row via_flex valign_top type_default stacking_default\"><div class=\"vc_col-sm-12 wpb_column vc_column_container\"><div class=\"vc_column-inner\"><div class=\"wpb_wrapper\"><div class=\"wpb_text_column\"><div class=\"wpb_wrapper\"><h2>Blue Homeland, Children in Blue, Blue Civilisation&#8230;<\/h2>\n<\/div><\/div><div class=\"w-separator size_small\"><\/div><div class=\"wpb_text_column tBig-text\"><div class=\"wpb_wrapper\"><p>Three sides of our beautiful country Turkey are surrounded by the Black Sea, the Marmara Sea, the Eagean Sea, and the Mediterranean Sea. We believe we can be more independent, more democratic, more rational, more scientific, more productive, more hardworking, more courageous and more happy if we can adopt \u2018blue civilisation\u2019 as a national goal.<\/p>\n<\/div><\/div><\/div><\/div><\/div><\/div><\/div><\/section><section class=\"l-section wpb_row height_medium color_primary\"><div class=\"l-section-h i-cf\"><div class=\"g-cols vc_row via_flex valign_top type_default stacking_default\"><div class=\"vc_col-sm-3 wpb_column vc_column_container\"><div class=\"vc_column-inner\"><div class=\"wpb_wrapper\"><div class=\"wpb_text_column\"><div class=\"wpb_wrapper\"><h4>Children in Blue 2019<\/h4>\n<\/div><\/div><div class=\"w-separator size_small\"><\/div><div class=\"w-image align_center\"><a ref=\"magnificPopup\" href=\"https:\/\/mavicocuk.org\/wp-content\/uploads\/2019\/01\/23Nisan-Poster-48x68-2019.jpg\" aria-label=\"23Nisan-Poster-48x68-2019\" class=\"w-image-h\"><img decoding=\"async\" width=\"1271\" height=\"1800\" src=\"https:\/\/mavicocuk.org\/wp-content\/uploads\/2019\/01\/23Nisan-Poster-48x68-2019.jpg\" class=\"attachment-full size-full\" alt=\"\" loading=\"lazy\" srcset=\"https:\/\/mavicocuk.org\/wp-content\/uploads\/2019\/01\/23Nisan-Poster-48x68-2019.jpg 1271w, https:\/\/mavicocuk.org\/wp-content\/uploads\/2019\/01\/23Nisan-Poster-48x68-2019-212x300.jpg 212w, https:\/\/mavicocuk.org\/wp-content\/uploads\/2019\/01\/23Nisan-Poster-48x68-2019-723x1024.jpg 723w\" sizes=\"auto, (max-width: 1271px) 100vw, 1271px\" \/><\/a><\/div><\/div><\/div><\/div><div class=\"vc_col-sm-9 wpb_column vc_column_container\"><div class=\"vc_column-inner\"><div class=\"wpb_wrapper\"><div class=\"g-cols wpb_row via_flex valign_top type_default stacking_default\"><div class=\"vc_col-sm-4 wpb_column vc_column_container\"><div class=\"vc_column-inner\"><div class=\"wpb_wrapper\"><div class=\"wpb_text_column\"><div class=\"wpb_wrapper\"><h4>Children in Blue 2018<\/h4>\n<\/div><\/div><div class=\"w-separator size_small\"><\/div><div class=\"w-image align_center\"><a href=\"http:\/\/mavicocuk.org\/en\/2018-event\/\" aria-label=\"2018-etkinlik-duyuru-posteri\" class=\"w-image-h\"><img decoding=\"async\" width=\"595\" height=\"850\" src=\"https:\/\/mavicocuk.org\/wp-content\/uploads\/2019\/01\/2018-etkinlik-duyuru-posteri.jpg\" class=\"attachment-full size-full\" alt=\"\" loading=\"lazy\" srcset=\"https:\/\/mavicocuk.org\/wp-content\/uploads\/2019\/01\/2018-etkinlik-duyuru-posteri.jpg 595w, https:\/\/mavicocuk.org\/wp-content\/uploads\/2019\/01\/2018-etkinlik-duyuru-posteri-210x300.jpg 210w\" sizes=\"auto, (max-width: 595px) 100vw, 595px\" \/><\/a><\/div><\/div><\/div><\/div><div class=\"vc_col-sm-4 wpb_column vc_column_container\"><div class=\"vc_column-inner\"><div class=\"wpb_wrapper\"><div class=\"wpb_text_column\"><div class=\"wpb_wrapper\"><h4>Children in Blue 2017<\/h4>\n<\/div><\/div><div class=\"w-separator size_small\"><\/div><div class=\"w-image align_center\"><a href=\"http:\/\/mavicocuk.org\/en\/2017-event\/\" aria-label=\"23Nisan2017_POSTER_50x70\" class=\"w-image-h\"><img decoding=\"async\" width=\"567\" height=\"794\" src=\"https:\/\/mavicocuk.org\/wp-content\/uploads\/2019\/01\/2017-etkinlik-duyuru-posteri.jpg\" class=\"attachment-full size-full\" alt=\"\" loading=\"lazy\" srcset=\"https:\/\/mavicocuk.org\/wp-content\/uploads\/2019\/01\/2017-etkinlik-duyuru-posteri.jpg 567w, https:\/\/mavicocuk.org\/wp-content\/uploads\/2019\/01\/2017-etkinlik-duyuru-posteri-214x300.jpg 214w\" sizes=\"auto, (max-width: 567px) 100vw, 567px\" \/><\/a><\/div><\/div><\/div><\/div><div class=\"vc_col-sm-4 wpb_column vc_column_container\"><div class=\"vc_column-inner\"><div class=\"wpb_wrapper\"><div class=\"wpb_text_column\"><div class=\"wpb_wrapper\"><h4>Children in Blue 2016<\/h4>\n<\/div><\/div><div class=\"w-separator size_small\"><\/div><div class=\"w-image align_center\"><a href=\"http:\/\/mavicocuk.org\/en\/2016-event\/\" aria-label=\"2016-etkinlik-duyuru-posteri\" class=\"w-image-h\"><img decoding=\"async\" width=\"595\" height=\"833\" src=\"https:\/\/mavicocuk.org\/wp-content\/uploads\/2019\/01\/2016-etkinlik-duyuru-posteri.jpg\" class=\"attachment-full size-full\" alt=\"\" loading=\"lazy\" srcset=\"https:\/\/mavicocuk.org\/wp-content\/uploads\/2019\/01\/2016-etkinlik-duyuru-posteri.jpg 595w, https:\/\/mavicocuk.org\/wp-content\/uploads\/2019\/01\/2016-etkinlik-duyuru-posteri-214x300.jpg 214w\" sizes=\"auto, (max-width: 595px) 100vw, 595px\" \/><\/a><\/div><\/div><\/div><\/div><\/div><\/div><\/div><\/div><\/div><\/div><\/section>\n","protected":false},"excerpt":{"rendered":"<p>Three sides of our beautiful country Turkey are surrounded by the Black Sea, the Marmara Sea, the Eagean Sea, and the Mediterranean Sea. We believe we can be more independent, more democratic, more rational, more scientific, more productive, more hardworking, more courageous and more happy if we can adopt \u2018blue civilisation\u2019 as a national goal.<\/p>\n","protected":false},"author":1,"featured_media":715,"parent":0,"menu_order":0,"comment_status":"closed","ping_status":"open","template":"","meta":{"footnotes":""},"class_list":["post-739","page","type-page","status-publish","has-post-thumbnail","hentry"],"yoast_head":"<!-- This site is optimized with the Yoast SEO plugin v27.4 - https:\/\/yoast.com\/product\/yoast-seo-wordpress\/ -->\n<title>Blue Homeland, Children in Blue, Blue Civilisation... - Mavi \u00c7ocuk<\/title>\n<meta name=\"description\" content=\"Three sides of Turkey are surrounded by the sea. We believe we can be more independent and more happy if we can adopt blue civilisation as a national goal.\" \/>\n<meta name=\"robots\" content=\"index, follow, max-snippet:-1, max-image-preview:large, max-video-preview:-1\" \/>\n<link rel=\"canonical\" href=\"https:\/\/mavicocuk.org\/en\/\" \/>\n<meta property=\"og:locale\" content=\"en_US\" \/>\n<meta property=\"og:type\" content=\"article\" \/>\n<meta property=\"og:title\" content=\"Blue Homeland, Children in Blue, Blue Civilisation... - Mavi \u00c7ocuk\" \/>\n<meta property=\"og:description\" content=\"Three sides of Turkey are surrounded by the sea. We believe we can be more independent and more happy if we can adopt blue civilisation as a national goal.\" \/>\n<meta property=\"og:url\" content=\"https:\/\/mavicocuk.org\/en\/\" \/>\n<meta property=\"og:site_name\" content=\"Mavi \u00c7ocuk\" \/>\n<meta property=\"article:modified_time\" content=\"2023-03-27T13:35:25+00:00\" \/>\n<meta property=\"og:image\" content=\"https:\/\/mavicocuk.org\/wp-content\/uploads\/2019\/01\/mavi-cocuk-slider001.jpg\" \/>\n\t<meta property=\"og:image:width\" content=\"1800\" \/>\n\t<meta property=\"og:image:height\" content=\"1200\" \/>\n\t<meta property=\"og:image:type\" content=\"image\/jpeg\" \/>\n<meta name=\"twitter:card\" content=\"summary_large_image\" \/>\n<meta name=\"twitter:label1\" content=\"Est. reading time\" \/>\n\t<meta name=\"twitter:data1\" content=\"1 minute\" \/>\n<script type=\"application\/ld+json\" class=\"yoast-schema-graph\">{\"@context\":\"https:\\\/\\\/schema.org\",\"@graph\":[{\"@type\":\"WebPage\",\"@id\":\"https:\\\/\\\/mavicocuk.org\\\/en\\\/\",\"url\":\"https:\\\/\\\/mavicocuk.org\\\/en\\\/\",\"name\":\"Blue Homeland, Children in Blue, Blue Civilisation... - Mavi \u00c7ocuk\",\"isPartOf\":{\"@id\":\"https:\\\/\\\/mavicocuk.org\\\/en\\\/#website\"},\"primaryImageOfPage\":{\"@id\":\"https:\\\/\\\/mavicocuk.org\\\/en\\\/#primaryimage\"},\"image\":{\"@id\":\"https:\\\/\\\/mavicocuk.org\\\/en\\\/#primaryimage\"},\"thumbnailUrl\":\"https:\\\/\\\/mavicocuk.org\\\/wp-content\\\/uploads\\\/2019\\\/01\\\/mavi-cocuk-slider001.jpg\",\"datePublished\":\"2019-01-22T13:00:22+00:00\",\"dateModified\":\"2023-03-27T13:35:25+00:00\",\"description\":\"Three sides of Turkey are surrounded by the sea. We believe we can be more independent and more happy if we can adopt blue civilisation as a national goal.\",\"breadcrumb\":{\"@id\":\"https:\\\/\\\/mavicocuk.org\\\/en\\\/#breadcrumb\"},\"inLanguage\":\"en-US\",\"potentialAction\":[{\"@type\":\"ReadAction\",\"target\":[\"https:\\\/\\\/mavicocuk.org\\\/en\\\/\"]}]},{\"@type\":\"ImageObject\",\"inLanguage\":\"en-US\",\"@id\":\"https:\\\/\\\/mavicocuk.org\\\/en\\\/#primaryimage\",\"url\":\"https:\\\/\\\/mavicocuk.org\\\/wp-content\\\/uploads\\\/2019\\\/01\\\/mavi-cocuk-slider001.jpg\",\"contentUrl\":\"https:\\\/\\\/mavicocuk.org\\\/wp-content\\\/uploads\\\/2019\\\/01\\\/mavi-cocuk-slider001.jpg\",\"width\":1800,\"height\":1200},{\"@type\":\"BreadcrumbList\",\"@id\":\"https:\\\/\\\/mavicocuk.org\\\/en\\\/#breadcrumb\",\"itemListElement\":[{\"@type\":\"ListItem\",\"position\":1,\"name\":\"Home\",\"item\":\"https:\\\/\\\/mavicocuk.org\\\/en\\\/\"},{\"@type\":\"ListItem\",\"position\":2,\"name\":\"Blue Homeland, Children in Blue, Blue Civilisation&#8230;\"}]},{\"@type\":\"WebSite\",\"@id\":\"https:\\\/\\\/mavicocuk.org\\\/en\\\/#website\",\"url\":\"https:\\\/\\\/mavicocuk.org\\\/en\\\/\",\"name\":\"Mavi \u00c7ocuk\",\"description\":\"Mavi Vatan, Mavi \u00c7ocuk, Mavi Uygarl\u0131k\",\"potentialAction\":[{\"@type\":\"SearchAction\",\"target\":{\"@type\":\"EntryPoint\",\"urlTemplate\":\"https:\\\/\\\/mavicocuk.org\\\/en\\\/?s={search_term_string}\"},\"query-input\":{\"@type\":\"PropertyValueSpecification\",\"valueRequired\":true,\"valueName\":\"search_term_string\"}}],\"inLanguage\":\"en-US\"}]}<\/script>\n<!-- \/ Yoast SEO plugin. -->","yoast_head_json":{"title":"Blue Homeland, Children in Blue, Blue Civilisation... - Mavi \u00c7ocuk","description":"Three sides of Turkey are surrounded by the sea. We believe we can be more independent and more happy if we can adopt blue civilisation as a national goal.","robots":{"index":"index","follow":"follow","max-snippet":"max-snippet:-1","max-image-preview":"max-image-preview:large","max-video-preview":"max-video-preview:-1"},"canonical":"https:\/\/mavicocuk.org\/en\/","og_locale":"en_US","og_type":"article","og_title":"Blue Homeland, Children in Blue, Blue Civilisation... - Mavi \u00c7ocuk","og_description":"Three sides of Turkey are surrounded by the sea. We believe we can be more independent and more happy if we can adopt blue civilisation as a national goal.","og_url":"https:\/\/mavicocuk.org\/en\/","og_site_name":"Mavi \u00c7ocuk","article_modified_time":"2023-03-27T13:35:25+00:00","og_image":[{"width":1800,"height":1200,"url":"https:\/\/mavicocuk.org\/wp-content\/uploads\/2019\/01\/mavi-cocuk-slider001.jpg","type":"image\/jpeg"}],"twitter_card":"summary_large_image","twitter_misc":{"Est. reading time":"1 minute"},"schema":{"@context":"https:\/\/schema.org","@graph":[{"@type":"WebPage","@id":"https:\/\/mavicocuk.org\/en\/","url":"https:\/\/mavicocuk.org\/en\/","name":"Blue Homeland, Children in Blue, Blue Civilisation... - Mavi \u00c7ocuk","isPartOf":{"@id":"https:\/\/mavicocuk.org\/en\/#website"},"primaryImageOfPage":{"@id":"https:\/\/mavicocuk.org\/en\/#primaryimage"},"image":{"@id":"https:\/\/mavicocuk.org\/en\/#primaryimage"},"thumbnailUrl":"https:\/\/mavicocuk.org\/wp-content\/uploads\/2019\/01\/mavi-cocuk-slider001.jpg","datePublished":"2019-01-22T13:00:22+00:00","dateModified":"2023-03-27T13:35:25+00:00","description":"Three sides of Turkey are surrounded by the sea. We believe we can be more independent and more happy if we can adopt blue civilisation as a national goal.","breadcrumb":{"@id":"https:\/\/mavicocuk.org\/en\/#breadcrumb"},"inLanguage":"en-US","potentialAction":[{"@type":"ReadAction","target":["https:\/\/mavicocuk.org\/en\/"]}]},{"@type":"ImageObject","inLanguage":"en-US","@id":"https:\/\/mavicocuk.org\/en\/#primaryimage","url":"https:\/\/mavicocuk.org\/wp-content\/uploads\/2019\/01\/mavi-cocuk-slider001.jpg","contentUrl":"https:\/\/mavicocuk.org\/wp-content\/uploads\/2019\/01\/mavi-cocuk-slider001.jpg","width":1800,"height":1200},{"@type":"BreadcrumbList","@id":"https:\/\/mavicocuk.org\/en\/#breadcrumb","itemListElement":[{"@type":"ListItem","position":1,"name":"Home","item":"https:\/\/mavicocuk.org\/en\/"},{"@type":"ListItem","position":2,"name":"Blue Homeland, Children in Blue, Blue Civilisation&#8230;"}]},{"@type":"WebSite","@id":"https:\/\/mavicocuk.org\/en\/#website","url":"https:\/\/mavicocuk.org\/en\/","name":"Mavi \u00c7ocuk","description":"Mavi Vatan, Mavi \u00c7ocuk, Mavi Uygarl\u0131k","potentialAction":[{"@type":"SearchAction","target":{"@type":"EntryPoint","urlTemplate":"https:\/\/mavicocuk.org\/en\/?s={search_term_string}"},"query-input":{"@type":"PropertyValueSpecification","valueRequired":true,"valueName":"search_term_string"}}],"inLanguage":"en-US"}]}},"_links":{"self":[{"href":"https:\/\/mavicocuk.org\/en\/wp-json\/wp\/v2\/pages\/739","targetHints":{"allow":["GET"]}}],"collection":[{"href":"https:\/\/mavicocuk.org\/en\/wp-json\/wp\/v2\/pages"}],"about":[{"href":"https:\/\/mavicocuk.org\/en\/wp-json\/wp\/v2\/types\/page"}],"author":[{"embeddable":true,"href":"https:\/\/mavicocuk.org\/en\/wp-json\/wp\/v2\/users\/1"}],"replies":[{"embeddable":true,"href":"https:\/\/mavicocuk.org\/en\/wp-json\/wp\/v2\/comments?post=739"}],"version-history":[{"count":7,"href":"https:\/\/mavicocuk.org\/en\/wp-json\/wp\/v2\/pages\/739\/revisions"}],"predecessor-version":[{"id":2183,"href":"https:\/\/mavicocuk.org\/en\/wp-json\/wp\/v2\/pages\/739\/revisions\/2183"}],"wp:featuredmedia":[{"embeddable":true,"href":"https:\/\/mavicocuk.org\/en\/wp-json\/wp\/v2\/media\/715"}],"wp:attachment":[{"href":"https:\/\/mavicocuk.org\/en\/wp-json\/wp\/v2\/media?parent=739"}],"curies":[{"name":"wp","href":"https:\/\/api.w.org\/{rel}","templated":true}]}}