{"id":755,"date":"2019-01-22T16:10:51","date_gmt":"2019-01-22T13:10:51","guid":{"rendered":"http:\/\/mavicocuk.org\/past-events\/"},"modified":"2023-03-27T16:35:01","modified_gmt":"2023-03-27T13:35:01","slug":"past-events","status":"publish","type":"page","link":"https:\/\/mavicocuk.org\/en\/past-events\/","title":{"rendered":"Past Events"},"content":{"rendered":"<section class=\"l-section wpb_row height_medium\"><div class=\"l-section-h i-cf\"><div class=\"g-cols vc_row via_flex valign_top type_default stacking_default\"><div class=\"vc_col-sm-12 wpb_column vc_column_container\"><div class=\"vc_column-inner\"><div class=\"wpb_wrapper\"><div class=\"w-grid us_grid tPast-events type_grid layout_blog_classic cols_3 preload_style_spinner\" id=\"us_grid_1\" style=\"--columns:3;--gap:1.5rem;\"><style>@media (max-width:1024px){#us_grid_1{--columns:2!important}}@media (max-width:600px){#us_grid_1{--columns:1!important}}.layout_blog_classic .w-grid-item-h{}.layout_blog_classic .usg_post_image_1{margin-bottom:1rem!important}.layout_blog_classic .usg_post_title_1{font-size:1.4rem!important;font-weight:700!important;margin-bottom:0.5rem!important}.layout_blog_classic .usg_hwrapper_1{color:var(--color-content-faded)!important;font-size:0.9rem!important}.layout_blog_classic .usg_post_taxonomy_1{font-weight:700!important;text-transform:uppercase!important}.layout_blog_classic .usg_post_content_1{max-width:600px!important;margin-top:0.5rem!important}<\/style><div class=\"w-grid-list\">\t<article class=\"w-grid-item size_1x1 post-726 page type-page status-publish has-post-thumbnail hentry\" data-id=\"726\">\r\n\t\t<div class=\"w-grid-item-h\">\r\n\t\t\t\t\t\t<div class=\"w-post-elm post_image usg_post_image_1 stretched\"><a href=\"https:\/\/mavicocuk.org\/en\/past-events\/2018-event\/\" aria-label=\"2018 Event\"><img loading=\"lazy\" decoding=\"async\" width=\"595\" height=\"271\" src=\"https:\/\/mavicocuk.org\/wp-content\/uploads\/2019\/01\/mavi-cocuk-2018.jpg\" class=\"attachment-full size-full wp-post-image\" alt=\"\" srcset=\"https:\/\/mavicocuk.org\/wp-content\/uploads\/2019\/01\/mavi-cocuk-2018.jpg 595w, https:\/\/mavicocuk.org\/wp-content\/uploads\/2019\/01\/mavi-cocuk-2018-300x137.jpg 300w\" sizes=\"auto, (max-width: 595px) 100vw, 595px\" \/><\/a><\/div><h2 class=\"w-post-elm post_title usg_post_title_1 entry-title color_link_inherit\"><a href=\"https:\/\/mavicocuk.org\/en\/past-events\/2018-event\/\">2018 Event<\/a><\/h2><div class=\"w-hwrapper usg_hwrapper_1 has_text_color align_none valign_top wrap\"><time class=\"w-post-elm post_date usg_post_date_1 entry-date published\" datetime=\"2019-01-22T15:19:41+03:00\" title=\"22 January 2019 at 15:19:41 Europe\/Istanbul\">7 years ago<\/time><\/div><div class=\"w-post-elm post_content usg_post_content_1\"><p>This is an annual event celebrating  \u2018April 23rd National Sovereignity and Children\u2019s Day\u2019. <\/p>\n<\/div>\t\t<\/div>\r\n\t\t\t<\/article>\r\n\t<article class=\"w-grid-item size_1x1 post-723 page type-page status-publish has-post-thumbnail hentry\" data-id=\"723\">\r\n\t\t<div class=\"w-grid-item-h\">\r\n\t\t\t\t\t\t<div class=\"w-post-elm post_image usg_post_image_1 stretched\"><a href=\"https:\/\/mavicocuk.org\/en\/past-events\/2017-event\/\" aria-label=\"2017 Event\"><img loading=\"lazy\" decoding=\"async\" width=\"595\" height=\"271\" src=\"https:\/\/mavicocuk.org\/wp-content\/uploads\/2019\/01\/mavi-cocuk-2017.jpg\" class=\"attachment-full size-full wp-post-image\" alt=\"\" srcset=\"https:\/\/mavicocuk.org\/wp-content\/uploads\/2019\/01\/mavi-cocuk-2017.jpg 595w, https:\/\/mavicocuk.org\/wp-content\/uploads\/2019\/01\/mavi-cocuk-2017-300x137.jpg 300w\" sizes=\"auto, (max-width: 595px) 100vw, 595px\" \/><\/a><\/div><h2 class=\"w-post-elm post_title usg_post_title_1 entry-title color_link_inherit\"><a href=\"https:\/\/mavicocuk.org\/en\/past-events\/2017-event\/\">2017 Event<\/a><\/h2><div class=\"w-hwrapper usg_hwrapper_1 has_text_color align_none valign_top wrap\"><time class=\"w-post-elm post_date usg_post_date_1 entry-date published\" datetime=\"2019-01-22T15:11:58+03:00\" title=\"22 January 2019 at 15:11:58 Europe\/Istanbul\">7 years ago<\/time><\/div><div class=\"w-post-elm post_content usg_post_content_1\"><p>This is an annual event celebrating  \u2018April 23rd National Sovereignity and Children\u2019s Day\u2019. <\/p>\n<\/div>\t\t<\/div>\r\n\t\t\t<\/article>\r\n\t<article class=\"w-grid-item size_1x1 post-720 page type-page status-publish has-post-thumbnail hentry\" data-id=\"720\">\r\n\t\t<div class=\"w-grid-item-h\">\r\n\t\t\t\t\t\t<div class=\"w-post-elm post_image usg_post_image_1 stretched\"><a href=\"https:\/\/mavicocuk.org\/en\/past-events\/2016-event\/\" aria-label=\"2016 Event\"><img loading=\"lazy\" decoding=\"async\" width=\"595\" height=\"271\" src=\"https:\/\/mavicocuk.org\/wp-content\/uploads\/2019\/01\/mavi-cocuk-2016.jpg\" class=\"attachment-full size-full wp-post-image\" alt=\"\" srcset=\"https:\/\/mavicocuk.org\/wp-content\/uploads\/2019\/01\/mavi-cocuk-2016.jpg 595w, https:\/\/mavicocuk.org\/wp-content\/uploads\/2019\/01\/mavi-cocuk-2016-300x137.jpg 300w\" sizes=\"auto, (max-width: 595px) 100vw, 595px\" \/><\/a><\/div><h2 class=\"w-post-elm post_title usg_post_title_1 entry-title color_link_inherit\"><a href=\"https:\/\/mavicocuk.org\/en\/past-events\/2016-event\/\">2016 Event<\/a><\/h2><div class=\"w-hwrapper usg_hwrapper_1 has_text_color align_none valign_top wrap\"><time class=\"w-post-elm post_date usg_post_date_1 entry-date published\" datetime=\"2019-01-22T14:58:31+03:00\" title=\"22 January 2019 at 14:58:31 Europe\/Istanbul\">7 years ago<\/time><\/div><div class=\"w-post-elm post_content usg_post_content_1\"><p>This is an annual event celebrating  \u2018April 23rd National Sovereignity and Children\u2019s Day\u2019. <\/p>\n<\/div>\t\t<\/div>\r\n\t\t\t<\/article>\r\n<\/div>\t<div class=\"w-grid-preloader\">\r\n\t\t<div class=\"g-preloader type_1\">\r\n\t\t\t<div><\/div>\r\n\t\t<\/div>\r\n\t<\/div>\r\n\t\t<div class=\"w-grid-json hidden\" onclick='return {&quot;action&quot;:&quot;us_ajax_grid&quot;,&quot;infinite_scroll&quot;:0,&quot;max_num_pages&quot;:1,&quot;pagination&quot;:&quot;none&quot;,&quot;template_vars&quot;:{&quot;columns&quot;:&quot;3&quot;,&quot;exclude_items&quot;:&quot;none&quot;,&quot;img_size&quot;:&quot;full&quot;,&quot;ignore_items_size&quot;:0,&quot;items_layout&quot;:&quot;blog_classic&quot;,&quot;items_offset&quot;:&quot;1&quot;,&quot;load_animation&quot;:&quot;none&quot;,&quot;overriding_link&quot;:&quot;{\\&quot;url\\&quot;:\\&quot;\\&quot;}&quot;,&quot;post_id&quot;:0,&quot;query_args&quot;:{&quot;ignore_sticky_posts&quot;:1,&quot;post_type&quot;:&quot;any&quot;,&quot;post__in&quot;:[&quot;726&quot;,&quot;723&quot;,&quot;720&quot;],&quot;posts_per_page&quot;:&quot;3&quot;},&quot;orderby_query_args&quot;:{&quot;orderby&quot;:{&quot;post__in&quot;:&quot;ASC&quot;},&quot;order&quot;:&quot;ASC&quot;},&quot;type&quot;:&quot;grid&quot;,&quot;us_grid_post_type&quot;:&quot;ids&quot;,&quot;us_grid_ajax_index&quot;:1,&quot;us_grid_filter_query_string&quot;:null,&quot;us_grid_index&quot;:1,&quot;page_args&quot;:[],&quot;lang&quot;:&quot;en&quot;}}'><\/div>\r\n\t<\/div><\/div><\/div><\/div><\/div><\/div><\/section>\n","protected":false},"excerpt":{"rendered":"ParticipantsParticipants Bebekliler Association Bebekliler Association Working Group Bosphorus Association Platform Photos Press RelaseDownload press releaseDownload press release in MS Word format Download press releaseBebekliler said \u2018No to a Marina in the Bebek Bay\u2019 as they launched Bebek-1 into the Bosphorus On April 23, 2016 Bebekliler Association and Bebek Citizens\u2019 Initiative (BSG) volunteers introduced \u2013 a...","protected":false},"author":1,"featured_media":809,"parent":0,"menu_order":0,"comment_status":"closed","ping_status":"closed","template":"","meta":{"footnotes":""},"class_list":["post-755","page","type-page","status-publish","has-post-thumbnail","hentry"],"yoast_head":"<!-- This site is optimized with the Yoast SEO plugin v27.4 - https:\/\/yoast.com\/product\/yoast-seo-wordpress\/ -->\n<title>Past Events - Mavi \u00c7ocuk<\/title>\n<meta name=\"robots\" content=\"index, follow, max-snippet:-1, max-image-preview:large, max-video-preview:-1\" \/>\n<link rel=\"canonical\" href=\"https:\/\/mavicocuk.org\/en\/past-events\/\" \/>\n<meta property=\"og:locale\" content=\"en_US\" \/>\n<meta property=\"og:type\" content=\"article\" \/>\n<meta property=\"og:title\" content=\"Past Events - Mavi \u00c7ocuk\" \/>\n<meta property=\"og:url\" content=\"https:\/\/mavicocuk.org\/en\/past-events\/\" \/>\n<meta property=\"og:site_name\" content=\"Mavi \u00c7ocuk\" \/>\n<meta property=\"article:modified_time\" content=\"2023-03-27T13:35:01+00:00\" \/>\n<meta property=\"og:image\" content=\"https:\/\/mavicocuk.org\/wp-content\/uploads\/2019\/01\/4-Gecmisetkinlikler.jpg\" \/>\n\t<meta property=\"og:image:width\" content=\"1600\" \/>\n\t<meta property=\"og:image:height\" content=\"1200\" \/>\n\t<meta property=\"og:image:type\" content=\"image\/jpeg\" \/>\n<meta name=\"twitter:card\" content=\"summary_large_image\" \/>\n<script type=\"application\/ld+json\" class=\"yoast-schema-graph\">{\"@context\":\"https:\\\/\\\/schema.org\",\"@graph\":[{\"@type\":\"WebPage\",\"@id\":\"https:\\\/\\\/mavicocuk.org\\\/en\\\/past-events\\\/\",\"url\":\"https:\\\/\\\/mavicocuk.org\\\/en\\\/past-events\\\/\",\"name\":\"Past Events - Mavi \u00c7ocuk\",\"isPartOf\":{\"@id\":\"https:\\\/\\\/mavicocuk.org\\\/en\\\/#website\"},\"primaryImageOfPage\":{\"@id\":\"https:\\\/\\\/mavicocuk.org\\\/en\\\/past-events\\\/#primaryimage\"},\"image\":{\"@id\":\"https:\\\/\\\/mavicocuk.org\\\/en\\\/past-events\\\/#primaryimage\"},\"thumbnailUrl\":\"https:\\\/\\\/mavicocuk.org\\\/wp-content\\\/uploads\\\/2019\\\/01\\\/4-Gecmisetkinlikler.jpg\",\"datePublished\":\"2019-01-22T13:10:51+00:00\",\"dateModified\":\"2023-03-27T13:35:01+00:00\",\"breadcrumb\":{\"@id\":\"https:\\\/\\\/mavicocuk.org\\\/en\\\/past-events\\\/#breadcrumb\"},\"inLanguage\":\"en-US\",\"potentialAction\":[{\"@type\":\"ReadAction\",\"target\":[\"https:\\\/\\\/mavicocuk.org\\\/en\\\/past-events\\\/\"]}]},{\"@type\":\"ImageObject\",\"inLanguage\":\"en-US\",\"@id\":\"https:\\\/\\\/mavicocuk.org\\\/en\\\/past-events\\\/#primaryimage\",\"url\":\"https:\\\/\\\/mavicocuk.org\\\/wp-content\\\/uploads\\\/2019\\\/01\\\/4-Gecmisetkinlikler.jpg\",\"contentUrl\":\"https:\\\/\\\/mavicocuk.org\\\/wp-content\\\/uploads\\\/2019\\\/01\\\/4-Gecmisetkinlikler.jpg\",\"width\":1600,\"height\":1200},{\"@type\":\"BreadcrumbList\",\"@id\":\"https:\\\/\\\/mavicocuk.org\\\/en\\\/past-events\\\/#breadcrumb\",\"itemListElement\":[{\"@type\":\"ListItem\",\"position\":1,\"name\":\"Home\",\"item\":\"https:\\\/\\\/mavicocuk.org\\\/en\\\/\"},{\"@type\":\"ListItem\",\"position\":2,\"name\":\"Past Events\"}]},{\"@type\":\"WebSite\",\"@id\":\"https:\\\/\\\/mavicocuk.org\\\/en\\\/#website\",\"url\":\"https:\\\/\\\/mavicocuk.org\\\/en\\\/\",\"name\":\"Mavi \u00c7ocuk\",\"description\":\"Mavi Vatan, Mavi \u00c7ocuk, Mavi Uygarl\u0131k\",\"potentialAction\":[{\"@type\":\"SearchAction\",\"target\":{\"@type\":\"EntryPoint\",\"urlTemplate\":\"https:\\\/\\\/mavicocuk.org\\\/en\\\/?s={search_term_string}\"},\"query-input\":{\"@type\":\"PropertyValueSpecification\",\"valueRequired\":true,\"valueName\":\"search_term_string\"}}],\"inLanguage\":\"en-US\"}]}<\/script>\n<!-- \/ Yoast SEO plugin. -->","yoast_head_json":{"title":"Past Events - Mavi \u00c7ocuk","robots":{"index":"index","follow":"follow","max-snippet":"max-snippet:-1","max-image-preview":"max-image-preview:large","max-video-preview":"max-video-preview:-1"},"canonical":"https:\/\/mavicocuk.org\/en\/past-events\/","og_locale":"en_US","og_type":"article","og_title":"Past Events - Mavi \u00c7ocuk","og_url":"https:\/\/mavicocuk.org\/en\/past-events\/","og_site_name":"Mavi \u00c7ocuk","article_modified_time":"2023-03-27T13:35:01+00:00","og_image":[{"width":1600,"height":1200,"url":"https:\/\/mavicocuk.org\/wp-content\/uploads\/2019\/01\/4-Gecmisetkinlikler.jpg","type":"image\/jpeg"}],"twitter_card":"summary_large_image","schema":{"@context":"https:\/\/schema.org","@graph":[{"@type":"WebPage","@id":"https:\/\/mavicocuk.org\/en\/past-events\/","url":"https:\/\/mavicocuk.org\/en\/past-events\/","name":"Past Events - Mavi \u00c7ocuk","isPartOf":{"@id":"https:\/\/mavicocuk.org\/en\/#website"},"primaryImageOfPage":{"@id":"https:\/\/mavicocuk.org\/en\/past-events\/#primaryimage"},"image":{"@id":"https:\/\/mavicocuk.org\/en\/past-events\/#primaryimage"},"thumbnailUrl":"https:\/\/mavicocuk.org\/wp-content\/uploads\/2019\/01\/4-Gecmisetkinlikler.jpg","datePublished":"2019-01-22T13:10:51+00:00","dateModified":"2023-03-27T13:35:01+00:00","breadcrumb":{"@id":"https:\/\/mavicocuk.org\/en\/past-events\/#breadcrumb"},"inLanguage":"en-US","potentialAction":[{"@type":"ReadAction","target":["https:\/\/mavicocuk.org\/en\/past-events\/"]}]},{"@type":"ImageObject","inLanguage":"en-US","@id":"https:\/\/mavicocuk.org\/en\/past-events\/#primaryimage","url":"https:\/\/mavicocuk.org\/wp-content\/uploads\/2019\/01\/4-Gecmisetkinlikler.jpg","contentUrl":"https:\/\/mavicocuk.org\/wp-content\/uploads\/2019\/01\/4-Gecmisetkinlikler.jpg","width":1600,"height":1200},{"@type":"BreadcrumbList","@id":"https:\/\/mavicocuk.org\/en\/past-events\/#breadcrumb","itemListElement":[{"@type":"ListItem","position":1,"name":"Home","item":"https:\/\/mavicocuk.org\/en\/"},{"@type":"ListItem","position":2,"name":"Past Events"}]},{"@type":"WebSite","@id":"https:\/\/mavicocuk.org\/en\/#website","url":"https:\/\/mavicocuk.org\/en\/","name":"Mavi \u00c7ocuk","description":"Mavi Vatan, Mavi \u00c7ocuk, Mavi Uygarl\u0131k","potentialAction":[{"@type":"SearchAction","target":{"@type":"EntryPoint","urlTemplate":"https:\/\/mavicocuk.org\/en\/?s={search_term_string}"},"query-input":{"@type":"PropertyValueSpecification","valueRequired":true,"valueName":"search_term_string"}}],"inLanguage":"en-US"}]}},"_links":{"self":[{"href":"https:\/\/mavicocuk.org\/en\/wp-json\/wp\/v2\/pages\/755","targetHints":{"allow":["GET"]}}],"collection":[{"href":"https:\/\/mavicocuk.org\/en\/wp-json\/wp\/v2\/pages"}],"about":[{"href":"https:\/\/mavicocuk.org\/en\/wp-json\/wp\/v2\/types\/page"}],"author":[{"embeddable":true,"href":"https:\/\/mavicocuk.org\/en\/wp-json\/wp\/v2\/users\/1"}],"replies":[{"embeddable":true,"href":"https:\/\/mavicocuk.org\/en\/wp-json\/wp\/v2\/comments?post=755"}],"version-history":[{"count":4,"href":"https:\/\/mavicocuk.org\/en\/wp-json\/wp\/v2\/pages\/755\/revisions"}],"predecessor-version":[{"id":2171,"href":"https:\/\/mavicocuk.org\/en\/wp-json\/wp\/v2\/pages\/755\/revisions\/2171"}],"wp:featuredmedia":[{"embeddable":true,"href":"https:\/\/mavicocuk.org\/en\/wp-json\/wp\/v2\/media\/809"}],"wp:attachment":[{"href":"https:\/\/mavicocuk.org\/en\/wp-json\/wp\/v2\/media?parent=755"}],"curies":[{"name":"wp","href":"https:\/\/api.w.org\/{rel}","templated":true}]}}